{"id":5,"date":"2023-04-07T03:42:36","date_gmt":"2023-04-07T03:42:36","guid":{"rendered":"https:\/\/mexicotoxico.org.mx\/casos\/?page_id=5"},"modified":"2023-04-07T03:42:36","modified_gmt":"2023-04-07T03:42:36","slug":"estudios-de-caso","status":"publish","type":"page","link":"https:\/\/mexicotoxico.org.mx\/casos\/estudios-de-caso\/","title":{"rendered":"Estudios de caso"},"content":{"rendered":"\n<h2 class=\"wp-block-heading\">Infiernos ambientales, corporaciones y falsas soluciones de Econom\u00eda Circular.<\/h2>\n\n\n\n<p>Para mantener las altas temperaturas de sus hornos y bajar los costos de su producci\u00f3n, las empresas cementeras han transitado de usar combustibles f\u00f3siles (coque, gas) a la incineraci\u00f3n de residuos (coprocesamiento). Las&nbsp;<a target=\"_blank\" href=\"https:\/\/www.gob.mx\/semarnat\/documentos\/empresas-autorizadas-para-el-manejo-de-residuos-peligrosos\" rel=\"noreferrer noopener\">autorizaciones de coprocesamiento otorgadas por Semarnat<\/a>&nbsp;para la quema de residuos en hornos cementeros oscilan entre un 30 y 80 % de sustituci\u00f3n de combustible alterno y se muestran autorizaciones a partir del 2013. En este listado, el permiso de mayor vigencia es al 2031 y existe una planta con permiso por tiempo indefinido. S\u00f3lo en 2020,&nbsp;<a target=\"_blank\" href=\"https:\/\/www.cemexmexico.com\/documents\/20143\/52425268\/2021-marzo-25-1510-evento-relevante.pdf\/80bc6c80-b145-80dd-0474-742698a76bb6?t=1616708064084\" rel=\"noreferrer noopener\">CEMEX calcul\u00f3 una quema de 12.4 millones de toneladas de residuos<\/a>&nbsp;para alimentar sus operaciones, y se plante\u00f3 como meta para 2030 la quema de 19 millones de toneladas para su consumo total.<\/p>\n\n\n\n<p>Las empresas cementeras como forma de ahorrarse su factura energ\u00e9tica promueven el coprocesamiento, la valorizaci\u00f3n energ\u00e9tica, el tratamiento t\u00e9rmico como una falsa soluci\u00f3n argumentando \u201creciclaje\u201d y alternativas clim\u00e1ticas al uso de combustibles f\u00f3siles. Esto es solo una l\u00f3gica de greenwashing, y las problem\u00e1ticas ambientales relacionadas con las actividades cementeras y los procesos de coprocesamiento van en aumento al igual que sus conflictos socioambientales debido a las emisiones de gases de efecto invernadero (GEI), compuestos org\u00e1nicos persistentes (COP), metales pesados y otra sustancias t\u00f3xicas como los aditivos que se le a\u00f1aden a los pl\u00e1sticos, que provocan alteraciones hormonales, cognitivas e inmunol\u00f3gicas.<\/p>\n\n\n\n<p>Los estudios de casos siguientes, que son solo una muestra de lo que ocurre en muchos sitios a lo largo del pa\u00eds, relatan estos impactos. Haz clic en cada uno para abrir en una ventana nueva la informaci\u00f3n del caso.<\/p>\n","protected":false},"excerpt":{"rendered":"<p>Infiernos ambientales, corporaciones y falsas soluciones de Econom\u00eda Circular. Para mantener las altas temperaturas de sus hornos y bajar los costos de su producci\u00f3n, las empresas cementeras han transitado de usar combustibles f\u00f3siles (coque, gas) a la incineraci\u00f3n de residuos (coprocesamiento). Las&nbsp;autorizaciones de coprocesamiento otorgadas por Semarnat&nbsp;para la quema de residuos en hornos cementeros oscilan&#8230;<\/p>\n","protected":false},"author":1,"featured_media":0,"parent":0,"menu_order":0,"comment_status":"closed","ping_status":"closed","template":"","meta":{"footnotes":""},"class_list":["post-5","page","type-page","status-publish","hentry"],"_links":{"self":[{"href":"https:\/\/mexicotoxico.org.mx\/casos\/wp-json\/wp\/v2\/pages\/5","targetHints":{"allow":["GET"]}}],"collection":[{"href":"https:\/\/mexicotoxico.org.mx\/casos\/wp-json\/wp\/v2\/pages"}],"about":[{"href":"https:\/\/mexicotoxico.org.mx\/casos\/wp-json\/wp\/v2\/types\/page"}],"author":[{"embeddable":true,"href":"https:\/\/mexicotoxico.org.mx\/casos\/wp-json\/wp\/v2\/users\/1"}],"replies":[{"embeddable":true,"href":"https:\/\/mexicotoxico.org.mx\/casos\/wp-json\/wp\/v2\/comments?post=5"}],"version-history":[{"count":1,"href":"https:\/\/mexicotoxico.org.mx\/casos\/wp-json\/wp\/v2\/pages\/5\/revisions"}],"predecessor-version":[{"id":7,"href":"https:\/\/mexicotoxico.org.mx\/casos\/wp-json\/wp\/v2\/pages\/5\/revisions\/7"}],"wp:attachment":[{"href":"https:\/\/mexicotoxico.org.mx\/casos\/wp-json\/wp\/v2\/media?parent=5"}],"curies":[{"name":"wp","href":"https:\/\/api.w.org\/{rel}","templated":true}]}}